{"id":9901,"date":"2024-12-12T12:45:54","date_gmt":"2024-12-12T11:45:54","guid":{"rendered":"https:\/\/www.villapambuffetti.it\/booking\/"},"modified":"2024-12-16T11:34:53","modified_gmt":"2024-12-16T10:34:53","slug":"booking","status":"publish","type":"page","link":"https:\/\/www.villapambuffetti.it\/fr\/booking\/","title":{"rendered":"Booking"},"content":{"rendered":"\t\t<div data-elementor-type=\"wp-page\" data-elementor-id=\"9901\" class=\"elementor elementor-9901 elementor-9870\">\n\t\t\t\t<div class=\"elementor-element elementor-element-40ca529 e-con-full e-flex e-con e-parent\" data-id=\"40ca529\" data-element_type=\"container\" data-settings=\"{&quot;background_background&quot;:&quot;classic&quot;}\">\n\t\t<div class=\"elementor-element elementor-element-bc71a6e e-con-full e-flex e-con e-child\" data-id=\"bc71a6e\" data-element_type=\"container\">\n\t\t\t\t<div class=\"elementor-element elementor-element-ba3e76e elementor-widget elementor-widget-heading\" data-id=\"ba3e76e\" data-element_type=\"widget\" data-widget_type=\"heading.default\">\n\t\t\t\t<div class=\"elementor-widget-container\">\n\t\t\t<style>\/*! elementor - v3.22.0 - 26-06-2024 *\/\n.elementor-heading-title{padding:0;margin:0;line-height:1}.elementor-widget-heading .elementor-heading-title[class*=elementor-size-]>a{color:inherit;font-size:inherit;line-height:inherit}.elementor-widget-heading .elementor-heading-title.elementor-size-small{font-size:15px}.elementor-widget-heading .elementor-heading-title.elementor-size-medium{font-size:19px}.elementor-widget-heading .elementor-heading-title.elementor-size-large{font-size:29px}.elementor-widget-heading .elementor-heading-title.elementor-size-xl{font-size:39px}.elementor-widget-heading .elementor-heading-title.elementor-size-xxl{font-size:59px}<\/style><h1 class=\"elementor-heading-title elementor-size-default\"><span class=\"hotel6-heading-decorative\">Booking<\/span> <\/h1>\t\t<\/div>\n\t\t\t\t<\/div>\n\t\t\t\t<div class=\"elementor-element elementor-element-aae6380 elementor-widget elementor-widget-heading\" data-id=\"aae6380\" data-element_type=\"widget\" data-widget_type=\"heading.default\">\n\t\t\t\t<div class=\"elementor-widget-container\">\n\t\t\t<h6 class=\"elementor-heading-title elementor-size-default\">Prenota il Tuo soggiorno in Villa<\/h6>\t\t<\/div>\n\t\t\t\t<\/div>\n\t\t\t\t<\/div>\n\t\t\t\t<\/div>\n\t\t<div class=\"elementor-element elementor-element-b31c9f1 e-flex e-con-boxed e-con e-parent\" data-id=\"b31c9f1\" data-element_type=\"container\">\n\t\t\t\t\t<div class=\"e-con-inner\">\n\t\t<div class=\"elementor-element elementor-element-f4bfbf4 e-con-full e-flex e-con e-child\" data-id=\"f4bfbf4\" data-element_type=\"container\">\n\t\t\t\t<div class=\"elementor-element elementor-element-632525d elementor-widget elementor-widget-text-editor\" data-id=\"632525d\" data-element_type=\"widget\" data-widget_type=\"text-editor.default\">\n\t\t\t\t<div class=\"elementor-widget-container\">\n\t\t\t<style>\/*! elementor - v3.22.0 - 26-06-2024 *\/\n.elementor-widget-text-editor.elementor-drop-cap-view-stacked .elementor-drop-cap{background-color:#69727d;color:#fff}.elementor-widget-text-editor.elementor-drop-cap-view-framed .elementor-drop-cap{color:#69727d;border:3px solid;background-color:transparent}.elementor-widget-text-editor:not(.elementor-drop-cap-view-default) .elementor-drop-cap{margin-top:8px}.elementor-widget-text-editor:not(.elementor-drop-cap-view-default) .elementor-drop-cap-letter{width:1em;height:1em}.elementor-widget-text-editor .elementor-drop-cap{float:left;text-align:center;line-height:1;font-size:50px}.elementor-widget-text-editor .elementor-drop-cap-letter{display:inline-block}<\/style>\t\t\t\t\n\t\t<div id=\"hbook-booking-form-1\"\n\t\t\t class=\"hbook-wrapper hbook-wrapper-booking-form\"\n\t\t\t data-status=\"\" \n\t\t\t data-page-accom-id=\"\" \n\t\t\t data-current-page-id=\"9870\" \n\t\t\t data-exists-main-booking-form=\"no\"\n\t\t\t data-force-display-thumb=\"no\"\n\t\t\t data-force-display-desc=\"no\"\n\t\t\t data-results-show-only-accom-id=\"\" \n\t\t\t data-booking-rules='{\"allowed_check_in_days\":\"0,1,2,3,4,5,6\",\"allowed_check_out_days\":\"0,1,2,3,4,5,6\",\"minimum_stay\":1,\"maximum_stay\":9999,\"seasonal_allowed_check_in_days\":[],\"seasonal_allowed_check_out_days\":[],\"seasonal_minimum_stay\":[],\"seasonal_maximum_stay\":[],\"conditional_booking_rules\":[]}'\n\t\t>\n\t\t\t<form  class=\"hb-booking-search-form\" method=\"POST\" data-search-only=\"no\" action=\"#\">\n\t\t\t\t<h3 class=\"hb-title hb-title-search-form\">Recherche<\/h3>\n\t\t\t\t<div class=\"hb-searched-summary hb-clearfix\">\n\t\t\t\t\t<p class=\"hb-check-dates-wrapper hb-chosen-check-in-date\">Check-in: <span><\/span><\/p>\n\t\t\t\t\t<p class=\"hb-check-dates-wrapper hb-chosen-check-out-date\">Check-out: <span><\/span><\/p>\n\t\t\t\t\t<p class=\"hb-people-wrapper hb-chosen-adults\">Adultes: <span><\/span><\/p>\n\t\t\t\t\t<p class=\"hb-people-wrapper hb-chosen-children\">Enfants <span><\/span><\/p>\n\t\t\t\t\t<p class=\"hb-change-search-wrapper hb-search-button-wrapper\">\n\t\t\t\t\t\t<input type=\"submit\" value=\"Modifier la recherche\" \/>\n\t\t\t\t\t<\/p>\n\t\t\t\t<\/div><!-- .hb-searched-summary -->\n\t\t\t\t<div class=\"hb-search-fields-and-submit\">\n\t\t\t\t\t<div class=\"hb-search-fields hb-clearfix\">\n\t\t\t\t\t\t<p class=\"hb-check-dates-wrapper\">\n\t\t\t\t\t\t\t<label for=\"check-in-date\">Check-in<\/label>\n\t\t\t\t\t\t\t<input id=\"check-in-date\" name=\"hb-check-in-date\" class=\"hb-input-datepicker hb-check-in-date\" type=\"text\" placeholder=\"\" \/>\n\t\t\t\t\t\t\t<input class=\"hb-check-in-hidden\" name=\"hb-check-in-hidden\" type=\"hidden\" value=\"\" \/>\n\t\t\t\t\t\t\t<span class=\"hb-datepick-check-in-out-mobile-trigger hb-datepick-check-in-mobile-trigger\"><\/span>\n\t\t\t\t\t\t\t<span class=\"hb-datepick-check-in-out-trigger hb-datepick-check-in-trigger\"><\/span>\n\t\t\t\t\t\t<\/p>\n\t\t\t\t\t\t<p class=\"hb-check-dates-wrapper\">\n\t\t\t\t\t\t\t<label for=\"check-out-date\">Check-out<\/label>\n\t\t\t\t\t\t\t<input id=\"check-out-date\" name=\"hb-check-out-date\" class=\"hb-input-datepicker hb-check-out-date\" type=\"text\" placeholder=\"\" \/>\n\t\t\t\t\t\t\t<input class=\"hb-check-out-hidden\" name=\"hb-check-out-hidden\" type=\"hidden\" value=\"\" \/>\n\t\t\t\t\t\t\t<span class=\"hb-datepick-check-in-out-mobile-trigger hb-datepick-check-out-mobile-trigger\"><\/span>\n\t\t\t\t\t\t\t<span class=\"hb-datepick-check-in-out-trigger hb-datepick-check-out-trigger\"><\/span>\n\t\t\t\t\t\t<\/p>\n\t\t\t\t\t\t<p class=\"hb-people-wrapper hb-people-wrapper-adults\">\n\t\t\t\t\t\t\t<label for=\"adults\">Adultes<\/label>\n\t\t\t\t\t\t\t<select id=\"adults\" name=\"hb-adults\" class=\"hb-adults\"><option value=\"1\">1<\/option><option value=\"2\">2<\/option><option value=\"3\">3<\/option><option value=\"4\">4<\/option><option value=\"5\">5<\/option><\/select>\n\t\t\t\t\t\t\t<input class=\"hb-adults-hidden\" type=\"hidden\" value=\"\" \/>\n\t\t\t\t\t\t<\/p>\n\t\t\t\t\t\t<p class=\"hb-people-wrapper hb-people-wrapper-children hb-people-wrapper-last\">\n\t\t\t\t\t\t\t<label for=\"children\">Enfants<\/label>\n\t\t\t\t\t\t\t<select id=\"children\" name=\"hb-children\" class=\"hb-children\"><option value=\"0\">0<\/option><option value=\"1\">1<\/option><option value=\"2\">2<\/option><option value=\"3\">3<\/option><option value=\"4\">4<\/option><option value=\"5\">5<\/option><\/select>\n\t\t\t\t\t\t\t<input class=\"hb-children-hidden\" type=\"hidden\" value=\"\" \/>\n\t\t\t\t\t\t<\/p>\n\t\t\t\t\t\t<p class=\"hb-search-submit-wrapper hb-search-button-wrapper\">\n\t\t\t\t\t\t\t<label for=\"hb-search-form-submit\">&nbsp;<\/label>\n\t\t\t\t\t\t\t<input id=\"hb-search-form-submit\" type=\"submit\" value=\"Recherche\" \/>\n\t\t\t\t\t\t<\/p>\n\t\t\t\t\t<\/div><!-- .hb-search-fields -->\n\t\t\t\t\t<p class=\"hb-search-error\">&nbsp;<\/p>\n\t\t\t\t\t<p class=\"hb-search-no-result\">&nbsp;<\/p>\n\t\t\t\t\t<p class=\"hb-booking-searching\">Recherche &#8230;<\/p>\n\t\t\t\t<\/div><!-- .hb-search-fields-and-submit -->\n\t\t\t\t<input type=\"hidden\" class=\"hb-results-show-only-accom-id\" name=\"hb-results-show-only-accom-id\" \/>\n\t\t\t\t<input type=\"hidden\" class=\"hb-chosen-options\" name=\"hb-chosen-options\" value='' \/>\n\t\t\t<\/form><!-- end #hb-booking-search-form -->\n\t\t\t<div class=\"hb-accom-list\"><\/div><form class=\"hb-booking-details-form\"><div class=\"hb-details-fields\"><h3 class=\"hb-title\">Entrez vos coordonn\u00e9es<\/h3><p><label for=\"first_name\">Pr\u00e9nom*<\/label><input id=\"first_name\" name=\"hb_first_name\" class=\"hb-detail-field\" data-validation=\"required\" type=\"text\"  value=\"\" \/><\/p><p><label for=\"last_name\">Nom de famille*<\/label><input id=\"last_name\" name=\"hb_last_name\" class=\"hb-detail-field\" data-validation=\"required\" type=\"text\"  value=\"\" \/><\/p><p><label for=\"email\">Email*<\/label><input id=\"email\" name=\"hb_email\" class=\"hb-detail-field\" data-validation=\"required email\" type=\"text\"  value=\"\" \/><\/p><p><label for=\"phone\">T\u00e9l\u00e9phone<\/label><input id=\"phone\" name=\"hb_phone\" class=\"hb-detail-field\" data-validation=\"\" type=\"text\"  value=\"\" \/><\/p><p><label for=\"address_1\">Adresse 1<\/label><input id=\"address_1\" name=\"hb_address_1\" class=\"hb-detail-field\" data-validation=\"\" type=\"text\"  value=\"\" \/><\/p><p><label for=\"address_2\">Adresse 2<\/label><input id=\"address_2\" name=\"hb_address_2\" class=\"hb-detail-field\" data-validation=\"\" type=\"text\"  value=\"\" \/><\/p><p><label for=\"city\">Ville<\/label><input id=\"city\" name=\"hb_city\" class=\"hb-detail-field\" data-validation=\"\" type=\"text\"  value=\"\" \/><\/p><p><label for=\"state_province\">Etat \/ Province<\/label><input id=\"state_province\" name=\"hb_state_province\" class=\"hb-detail-field\" data-validation=\"\" type=\"text\"  value=\"\" \/><\/p><p><label for=\"zip_code\">Code postal<\/label><input id=\"zip_code\" name=\"hb_zip_code\" class=\"hb-detail-field\" data-validation=\"\" type=\"text\"  value=\"\" \/><\/p><p><label for=\"country\">Pays<\/label><input id=\"country\" name=\"hb_country\" class=\"hb-detail-field\" data-validation=\"\" type=\"text\"  value=\"\" \/><\/p><\/div><span class=\"hb-coupon-amount\">0<\/span>\n\t\t\t<div class=\"hb-resa-summary\">\n\t\t\t\t<h3 class=\"hb-title hb-resa-summary-title\">R\u00e9sum\u00e9 R\u00e9servation<\/h3>\n\t\t\t\t<div class=\"hb-resa-payment-msg\">Paiement re\u00e7u. Merci<\/div>\n\t\t\t\t<p class=\"hb-resa-done-msg\">Merci pour votre r\u00e9servation! Nous venons de vous envoyer un email de confirmation \u00e0 <span class=\"hb-resa-done-email\"><\/span> avec les d\u00e9tails suivants:<\/p>\n\t\t\t\t<div class=\"hb-resa-summary-content\">\n\t\t\t\t\t<div>Check-in: <span class=\"hb-summary-check-in\"><\/span><span class=\"hb-summary-change-search\"> &#8211; <small><a href=\"#\">Changement<\/a><\/small><\/span><\/div>\n\t\t\t\t\t<div>Check-out: <span class=\"hb-summary-check-out\"><\/span><span class=\"hb-summary-change-search\"> &#8211; <small><a href=\"#\">Changement<\/a><\/small><\/span><\/div>\n\t\t\t\t\t<div>Nombre de nuits: <span class=\"hb-summary-nights\"><\/span><\/div>\n\t\t\t\t\t<div>Adultes: <span class=\"hb-summary-adults\"><\/span><span class=\"hb-summary-change-search\"> &#8211; <small><a href=\"#\">Changement<\/a><\/small><\/span><\/div>\n\t\t\t\t\t<div>Enfants <span class=\"hb-summary-children\"><\/span><span class=\"hb-summary-change-search\"> &#8211; <small><a href=\"#\">Changement<\/a><\/small><\/span><\/div><div class=\"hb-summary-accom-wrap\">H\u00e9bergement: <span class=\"hb-summary-accom\"><\/span><span class=\"hb-summary-change-accom\"> &#8211; <small><a href=\"#\">Changement<\/a><\/small><\/span><\/div>\n\t\t\t\t<div class=\"hb-summary-accom-price\"><br\/>Le prix du logement: &euro;<span class=\"hb-price-placeholder\"><\/span><\/div>\n\t\t\t\t\t<div class=\"hb-summary-options-price\">Options Prix: <span class=\"hb-price-placeholder-minus\">&#8211;<\/span>&euro;<span class=\"hb-price-placeholder\"><\/span><\/div><div class=\"hb-summary-coupon-amount\">Montant du rabais sur le coupon: &euro;<span class=\"hb-price-placeholder\"><\/span><\/div><br\/><div class=\"hb-summary-total-price\">Prix total: &euro;<span class=\"hb-price-placeholder\"><\/span><\/div>\n\t\t\t\t<\/div>\n\t\t\t\t<p class=\"hb-resa-done-msg\">\u00c0 bient\u00f4t!<\/p>\n\t\t\t\t<div class=\"hb-resa-payment-msg\">Paiement re\u00e7u. Merci<\/div>\n\t\t\t<\/div><!-- end .hb-resa-summary -->\n\t\t\t<input type=\"hidden\" class=\"hb-details-check-in\" name=\"hb-details-check-in\" \/>\n\t\t\t<input type=\"hidden\" class=\"hb-details-check-out\" name=\"hb-details-check-out\" \/>\n\t\t\t<input type=\"hidden\" class=\"hb-details-adults\" name=\"hb-details-adults\" \/>\n\t\t\t<input type=\"hidden\" class=\"hb-details-children\" name=\"hb-details-children\" \/>\n\t\t\t<input type=\"hidden\" class=\"hb-details-accom-id\" name=\"hb-details-accom-id\" \/>\n\t\t\t<input type=\"hidden\" name=\"hb-details-booking-form-num\" value=\"1\"\/><div class=\"hb-payment-info-wrapper\"><input class=\"hb-payment-type-hidden\" type=\"radio\" name=\"hb-payment-type\" value=\"offline\" \/><p class=\"hb-payment-type-explanation hb-payment-type-explanation-offline\">Vous paierez votre s\u00e9jour ult\u00e9rieurement. Le prix total est <span class=\"hb-payment-type-explanation-full_amount\">&euro;<span class=\"hb-price-placeholder\"><\/span><\/span><\/p><div class=\"hb-payment-method-wrapper\">There is no active payment gateways. Please activate at least one payment gateway in HBook settings (Hbook &gt; Payment).<\/div><input type=\"hidden\" name=\"hb-payment-flag\" class=\"hb-payment-flag\" \/><\/div><div class=\"hb-confirm-area\"><p class=\"hb-saving-resa\">En traitement&#8230;<\/p><p>Avant de continuer, v\u00e9rifiez les d\u00e9tails de la r\u00e9servation pour vous assurer que vous n&rsquo;avez pas commis d&rsquo;erreurs.<\/p><p class=\"hb-confirm-error\"><\/p><p class=\"hb-confirm-button\"><input type=\"submit\" value=\"Reserve maintenant!\" \/><\/p><\/div><input type=\"hidden\" name=\"action\" value=\"hb_save_details\" \/><\/form><!-- end .hb-booking-details-form --><\/div><!-- end .hbook-wrapper -->\t\t\t\t\t\t<\/div>\n\t\t\t\t<\/div>\n\t\t\t\t<\/div>\n\t\t\t\t\t<\/div>\n\t\t\t\t<\/div>\n\t\t<div class=\"elementor-element elementor-element-a71cc87 e-flex e-con-boxed e-con e-parent\" data-id=\"a71cc87\" data-element_type=\"container\">\n\t\t\t\t\t<div class=\"e-con-inner\">\n\t\t<div class=\"elementor-element elementor-element-85132f6 e-con-full e-flex e-con e-child\" data-id=\"85132f6\" data-element_type=\"container\">\n\t\t\t\t<div class=\"elementor-element elementor-element-9ea0323 elementor-widget-divider--view-line elementor-widget elementor-widget-divider\" data-id=\"9ea0323\" data-element_type=\"widget\" data-widget_type=\"divider.default\">\n\t\t\t\t<div class=\"elementor-widget-container\">\n\t\t\t<style>\/*! elementor - v3.22.0 - 26-06-2024 *\/\n.elementor-widget-divider{--divider-border-style:none;--divider-border-width:1px;--divider-color:#0c0d0e;--divider-icon-size:20px;--divider-element-spacing:10px;--divider-pattern-height:24px;--divider-pattern-size:20px;--divider-pattern-url:none;--divider-pattern-repeat:repeat-x}.elementor-widget-divider .elementor-divider{display:flex}.elementor-widget-divider .elementor-divider__text{font-size:15px;line-height:1;max-width:95%}.elementor-widget-divider .elementor-divider__element{margin:0 var(--divider-element-spacing);flex-shrink:0}.elementor-widget-divider .elementor-icon{font-size:var(--divider-icon-size)}.elementor-widget-divider .elementor-divider-separator{display:flex;margin:0;direction:ltr}.elementor-widget-divider--view-line_icon .elementor-divider-separator,.elementor-widget-divider--view-line_text .elementor-divider-separator{align-items:center}.elementor-widget-divider--view-line_icon .elementor-divider-separator:after,.elementor-widget-divider--view-line_icon .elementor-divider-separator:before,.elementor-widget-divider--view-line_text .elementor-divider-separator:after,.elementor-widget-divider--view-line_text .elementor-divider-separator:before{display:block;content:\"\";border-block-end:0;flex-grow:1;border-block-start:var(--divider-border-width) var(--divider-border-style) var(--divider-color)}.elementor-widget-divider--element-align-left .elementor-divider .elementor-divider-separator>.elementor-divider__svg:first-of-type{flex-grow:0;flex-shrink:100}.elementor-widget-divider--element-align-left .elementor-divider-separator:before{content:none}.elementor-widget-divider--element-align-left .elementor-divider__element{margin-left:0}.elementor-widget-divider--element-align-right .elementor-divider .elementor-divider-separator>.elementor-divider__svg:last-of-type{flex-grow:0;flex-shrink:100}.elementor-widget-divider--element-align-right .elementor-divider-separator:after{content:none}.elementor-widget-divider--element-align-right .elementor-divider__element{margin-right:0}.elementor-widget-divider--element-align-start .elementor-divider .elementor-divider-separator>.elementor-divider__svg:first-of-type{flex-grow:0;flex-shrink:100}.elementor-widget-divider--element-align-start .elementor-divider-separator:before{content:none}.elementor-widget-divider--element-align-start .elementor-divider__element{margin-inline-start:0}.elementor-widget-divider--element-align-end .elementor-divider .elementor-divider-separator>.elementor-divider__svg:last-of-type{flex-grow:0;flex-shrink:100}.elementor-widget-divider--element-align-end .elementor-divider-separator:after{content:none}.elementor-widget-divider--element-align-end .elementor-divider__element{margin-inline-end:0}.elementor-widget-divider:not(.elementor-widget-divider--view-line_text):not(.elementor-widget-divider--view-line_icon) .elementor-divider-separator{border-block-start:var(--divider-border-width) var(--divider-border-style) var(--divider-color)}.elementor-widget-divider--separator-type-pattern{--divider-border-style:none}.elementor-widget-divider--separator-type-pattern.elementor-widget-divider--view-line .elementor-divider-separator,.elementor-widget-divider--separator-type-pattern:not(.elementor-widget-divider--view-line) .elementor-divider-separator:after,.elementor-widget-divider--separator-type-pattern:not(.elementor-widget-divider--view-line) .elementor-divider-separator:before,.elementor-widget-divider--separator-type-pattern:not([class*=elementor-widget-divider--view]) .elementor-divider-separator{width:100%;min-height:var(--divider-pattern-height);-webkit-mask-size:var(--divider-pattern-size) 100%;mask-size:var(--divider-pattern-size) 100%;-webkit-mask-repeat:var(--divider-pattern-repeat);mask-repeat:var(--divider-pattern-repeat);background-color:var(--divider-color);-webkit-mask-image:var(--divider-pattern-url);mask-image:var(--divider-pattern-url)}.elementor-widget-divider--no-spacing{--divider-pattern-size:auto}.elementor-widget-divider--bg-round{--divider-pattern-repeat:round}.rtl .elementor-widget-divider .elementor-divider__text{direction:rtl}.e-con-inner>.elementor-widget-divider,.e-con>.elementor-widget-divider{width:var(--container-widget-width,100%);--flex-grow:var(--container-widget-flex-grow)}<\/style>\t\t<div class=\"elementor-divider\">\n\t\t\t<span class=\"elementor-divider-separator\">\n\t\t\t\t\t\t<\/span>\n\t\t<\/div>\n\t\t\t\t<\/div>\n\t\t\t\t<\/div>\n\t\t\t\t<div class=\"elementor-element elementor-element-54e0149 elementor-widget elementor-widget-text-editor\" data-id=\"54e0149\" data-element_type=\"widget\" data-widget_type=\"text-editor.default\">\n\t\t\t\t<div class=\"elementor-widget-container\">\n\t\t\t\t\t\t\tIn caso di cancellazione verr\u00e0 addebitato l&rsquo;importo di una notte.\nIn caso di cancellazione effettuata\u00a0nei 20 giorni\u00a0prima della data prevista di arrivo verr\u00e0 addebitato l&rsquo;intero importo.\t\t\t\t\t\t<\/div>\n\t\t\t\t<\/div>\n\t\t\t\t<\/div>\n\t\t\t\t\t<\/div>\n\t\t\t\t<\/div>\n\t\t\t\t<\/div>\n\t\t","protected":false},"excerpt":{"rendered":"<p>Booking Prenota il Tuo soggiorno in Villa In caso di cancellazione verr\u00e0 addebitato l&rsquo;importo di una notte. In caso di cancellazione effettuata\u00a0nei 20 giorni\u00a0prima della data<span class=\"excerpt-hellip\"> [\u2026]<\/span><\/p>\n","protected":false},"author":1,"featured_media":0,"parent":0,"menu_order":0,"comment_status":"closed","ping_status":"closed","template":"","meta":{"footnotes":""},"class_list":["post-9901","page","type-page","status-publish","hentry"],"_links":{"self":[{"href":"https:\/\/www.villapambuffetti.it\/fr\/wp-json\/wp\/v2\/pages\/9901","targetHints":{"allow":["GET"]}}],"collection":[{"href":"https:\/\/www.villapambuffetti.it\/fr\/wp-json\/wp\/v2\/pages"}],"about":[{"href":"https:\/\/www.villapambuffetti.it\/fr\/wp-json\/wp\/v2\/types\/page"}],"author":[{"embeddable":true,"href":"https:\/\/www.villapambuffetti.it\/fr\/wp-json\/wp\/v2\/users\/1"}],"replies":[{"embeddable":true,"href":"https:\/\/www.villapambuffetti.it\/fr\/wp-json\/wp\/v2\/comments?post=9901"}],"version-history":[{"count":1,"href":"https:\/\/www.villapambuffetti.it\/fr\/wp-json\/wp\/v2\/pages\/9901\/revisions"}],"predecessor-version":[{"id":9903,"href":"https:\/\/www.villapambuffetti.it\/fr\/wp-json\/wp\/v2\/pages\/9901\/revisions\/9903"}],"wp:attachment":[{"href":"https:\/\/www.villapambuffetti.it\/fr\/wp-json\/wp\/v2\/media?parent=9901"}],"curies":[{"name":"wp","href":"https:\/\/api.w.org\/{rel}","templated":true}]}}